{"id":619,"date":"2022-01-13T20:16:21","date_gmt":"2022-01-13T20:16:21","guid":{"rendered":"https:\/\/vortekexperience.com\/vortek-experience\/"},"modified":"2022-01-26T14:54:47","modified_gmt":"2022-01-26T14:54:47","slug":"vortek-experience","status":"publish","type":"page","link":"https:\/\/vortekexperience.com\/fr\/","title":{"rendered":"VORTEK \/exp\u00e9rience par Arcane Technologies"},"content":{"rendered":"\t\t<div data-elementor-type=\"wp-page\" data-elementor-id=\"619\" class=\"elementor elementor-619 elementor-520\" data-elementor-settings=\"[]\">\n\t\t\t\t\t\t\t<div class=\"elementor-section-wrap\">\n\t\t\t\t\t\t\t<section class=\"elementor-section elementor-top-section elementor-element elementor-element-9ce6061 elementor-section-full_width responsiveBG elementor-section-height-default elementor-section-height-default\" data-id=\"9ce6061\" data-element_type=\"section\" data-settings=\"{&quot;background_background&quot;:&quot;classic&quot;}\">\n\t\t\t\t\t\t<div class=\"elementor-container elementor-column-gap-default\">\n\t\t\t\t\t<div class=\"elementor-column elementor-col-100 elementor-top-column elementor-element elementor-element-ff48c9e\" data-id=\"ff48c9e\" data-element_type=\"column\">\n\t\t\t<div class=\"elementor-widget-wrap elementor-element-populated\">\n\t\t\t\t\t\t\t\t<section class=\"elementor-section elementor-inner-section elementor-element elementor-element-cca4f15 elementor-section-boxed elementor-section-height-default elementor-section-height-default\" data-id=\"cca4f15\" data-element_type=\"section\">\n\t\t\t\t\t\t<div class=\"elementor-container elementor-column-gap-default\">\n\t\t\t\t\t<div class=\"elementor-column elementor-col-100 elementor-inner-column elementor-element elementor-element-18263a9\" data-id=\"18263a9\" data-element_type=\"column\">\n\t\t\t<div class=\"elementor-widget-wrap elementor-element-populated\">\n\t\t\t\t\t\t\t\t<div class=\"elementor-element elementor-element-01c1158 elementor-widget elementor-widget-heading\" data-id=\"01c1158\" data-element_type=\"widget\" data-widget_type=\"heading.default\">\n\t\t\t\t<div class=\"elementor-widget-container\">\n\t\t\t<h1 class=\"elementor-heading-title elementor-size-default\">Nos plateformes<\/h1>\t\t<\/div>\n\t\t\t\t<\/div>\n\t\t\t\t<div class=\"elementor-element elementor-element-d02990b elementor-widget-divider--view-line elementor-widget elementor-widget-divider\" data-id=\"d02990b\" data-element_type=\"widget\" data-widget_type=\"divider.default\">\n\t\t\t\t<div class=\"elementor-widget-container\">\n\t\t\t\t\t<div class=\"elementor-divider\">\n\t\t\t<span class=\"elementor-divider-separator\">\n\t\t\t\t\t\t<\/span>\n\t\t<\/div>\n\t\t\t\t<\/div>\n\t\t\t\t<\/div>\n\t\t\t\t\t<\/div>\n\t\t<\/div>\n\t\t\t\t\t\t\t<\/div>\n\t\t<\/section>\n\t\t\t\t<section class=\"elementor-section elementor-inner-section elementor-element elementor-element-edbec59 elementor-section-boxed elementor-section-height-default elementor-section-height-default\" data-id=\"edbec59\" data-element_type=\"section\">\n\t\t\t\t\t\t<div class=\"elementor-container elementor-column-gap-custom\">\n\t\t\t\t\t<div class=\"elementor-column elementor-col-33 elementor-inner-column elementor-element elementor-element-b76f9c9\" data-id=\"b76f9c9\" data-element_type=\"column\">\n\t\t\t<div class=\"elementor-widget-wrap elementor-element-populated\">\n\t\t\t\t\t\t\t\t<div class=\"elementor-element elementor-element-aa362f8 elementor-widget elementor-widget-image\" data-id=\"aa362f8\" data-element_type=\"widget\" data-widget_type=\"image.default\">\n\t\t\t\t<div class=\"elementor-widget-container\">\n\t\t\t\t\t\t\t\t\t\t\t\t\t\t\t<img decoding=\"async\" width=\"270\" height=\"97\" src=\"https:\/\/mletevlqxqix.i.optimole.com\/w:auto\/h:auto\/q:mauto\/f:avif\/https:\/\/vortekexperience.com\/wp-content\/uploads\/2022\/01\/Vortek_Spaces_forDesigners_hor_short.png\" class=\"attachment-full size-full\" alt=\"\" \/>\t\t\t\t\t\t\t\t\t\t\t\t\t\t\t<\/div>\n\t\t\t\t<\/div>\n\t\t\t\t<div class=\"elementor-element elementor-element-71c734d elementor-hidden-mobile elementor-widget elementor-widget-image\" data-id=\"71c734d\" data-element_type=\"widget\" data-widget_type=\"image.default\">\n\t\t\t\t<div class=\"elementor-widget-container\">\n\t\t\t\t\t\t\t\t\t\t\t\t\t\t\t<img decoding=\"async\" width=\"613\" height=\"83\" src=\"https:\/\/mletevlqxqix.i.optimole.com\/w:auto\/h:auto\/q:mauto\/f:avif\/https:\/\/vortekexperience.com\/wp-content\/uploads\/2021\/04\/shadow.png\" class=\"attachment-large size-large\" alt=\"\" \/>\t\t\t\t\t\t\t\t\t\t\t\t\t\t\t<\/div>\n\t\t\t\t<\/div>\n\t\t\t\t<div class=\"elementor-element elementor-element-a02990f elementor-aspect-ratio-169 elementor-widget elementor-widget-video\" data-id=\"a02990f\" data-element_type=\"widget\" data-settings=\"{&quot;youtube_url&quot;:&quot;https:\\\/\\\/youtu.be\\\/7r5SlFGQGmI&quot;,&quot;autoplay&quot;:&quot;yes&quot;,&quot;loop&quot;:&quot;yes&quot;,&quot;mute&quot;:&quot;yes&quot;,&quot;lazy_load&quot;:&quot;yes&quot;,&quot;video_type&quot;:&quot;youtube&quot;,&quot;aspect_ratio&quot;:&quot;169&quot;}\" data-widget_type=\"video.default\">\n\t\t\t\t<div class=\"elementor-widget-container\">\n\t\t\t\t\t<div class=\"elementor-wrapper elementor-fit-aspect-ratio elementor-open-inline\">\n\t\t\t<div class=\"elementor-video\"><\/div>\t\t<\/div>\n\t\t\t\t<\/div>\n\t\t\t\t<\/div>\n\t\t\t\t<div class=\"elementor-element elementor-element-1dc3ed9 elementor-widget elementor-widget-heading\" data-id=\"1dc3ed9\" data-element_type=\"widget\" data-widget_type=\"heading.default\">\n\t\t\t\t<div class=\"elementor-widget-container\">\n\t\t\t<h2 class=\"elementor-heading-title elementor-size-default\">pour cuisinites,<br>designers d'int\u00e9rieur,<br>agenceurs,<br>\u00e9b\u00e9nistes<br>et architectes<\/h2>\t\t<\/div>\n\t\t\t\t<\/div>\n\t\t\t\t<div class=\"elementor-element elementor-element-8e447e6 elementor-widget elementor-widget-text-editor\" data-id=\"8e447e6\" data-element_type=\"widget\" data-widget_type=\"text-editor.default\">\n\t\t\t\t<div class=\"elementor-widget-container\">\n\t\t\t\t\t\t\t<p>VORTEK Spaces est bien plus qu&rsquo;une solution de rendu 3D. C&rsquo;est un logiciel de pr\u00e9sentation 3D interactif pour les professionnels qui ont ni le temps ni l&rsquo;expertise 3D avanc\u00e9e. D&rsquo;une simplicit\u00e9 \u00e9tonnante, vous serez en mesure d&rsquo;obtenir des r\u00e9sultats qui auront de l&rsquo;impact en quelques minutes.<\/p>\n\t\t\t\t\t\t<\/div>\n\t\t\t\t<\/div>\n\t\t\t\t<div class=\"elementor-element elementor-element-dca42e9 elementor-align-justify elementor-widget elementor-widget-button\" data-id=\"dca42e9\" data-element_type=\"widget\" data-widget_type=\"button.default\">\n\t\t\t\t<div class=\"elementor-widget-container\">\n\t\t\t\t\t<div class=\"elementor-button-wrapper\">\n\t\t\t<a href=\"https:\/\/vortekspaces.com\/fr\" target=\"_blank\" class=\"elementor-button-link elementor-button elementor-size-sm\" role=\"button\">\n\t\t\t\t\t\t<span class=\"elementor-button-content-wrapper\">\n\t\t\t\t\t\t<span class=\"elementor-button-text\">Site web<\/span>\n\t\t<\/span>\n\t\t\t\t\t<\/a>\n\t\t<\/div>\n\t\t\t\t<\/div>\n\t\t\t\t<\/div>\n\t\t\t\t\t<\/div>\n\t\t<\/div>\n\t\t\t\t<div class=\"elementor-column elementor-col-33 elementor-inner-column elementor-element elementor-element-90fca3c\" data-id=\"90fca3c\" data-element_type=\"column\">\n\t\t\t<div class=\"elementor-widget-wrap elementor-element-populated\">\n\t\t\t\t\t\t\t\t<div class=\"elementor-element elementor-element-8ac0abe elementor-widget elementor-widget-image\" data-id=\"8ac0abe\" data-element_type=\"widget\" data-widget_type=\"image.default\">\n\t\t\t\t<div class=\"elementor-widget-container\">\n\t\t\t\t\t\t\t\t\t\t\t\t\t\t\t<img decoding=\"async\" width=\"303\" height=\"97\" src=\"https:\/\/mletevlqxqix.i.optimole.com\/w:auto\/h:auto\/q:mauto\/f:avif\/https:\/\/vortekexperience.com\/wp-content\/uploads\/2022\/01\/Vortek_experience_hor_short.png\" class=\"attachment-full size-full\" alt=\"\" \/>\t\t\t\t\t\t\t\t\t\t\t\t\t\t\t<\/div>\n\t\t\t\t<\/div>\n\t\t\t\t<div class=\"elementor-element elementor-element-e9d09be elementor-hidden-mobile elementor-widget elementor-widget-image\" data-id=\"e9d09be\" data-element_type=\"widget\" data-widget_type=\"image.default\">\n\t\t\t\t<div class=\"elementor-widget-container\">\n\t\t\t\t\t\t\t\t\t\t\t\t\t\t\t<img decoding=\"async\" width=\"613\" height=\"83\" src=\"https:\/\/mletevlqxqix.i.optimole.com\/w:auto\/h:auto\/q:mauto\/f:avif\/https:\/\/vortekexperience.com\/wp-content\/uploads\/2021\/04\/shadow.png\" class=\"attachment-large size-large\" alt=\"\" \/>\t\t\t\t\t\t\t\t\t\t\t\t\t\t\t<\/div>\n\t\t\t\t<\/div>\n\t\t\t\t<div class=\"elementor-element elementor-element-b41791a elementor-aspect-ratio-169 elementor-widget elementor-widget-video\" data-id=\"b41791a\" data-element_type=\"widget\" data-settings=\"{&quot;youtube_url&quot;:&quot;https:\\\/\\\/www.youtube.com\\\/watch?v=Rp-AHLdy3-Y&quot;,&quot;autoplay&quot;:&quot;yes&quot;,&quot;mute&quot;:&quot;yes&quot;,&quot;loop&quot;:&quot;yes&quot;,&quot;lazy_load&quot;:&quot;yes&quot;,&quot;video_type&quot;:&quot;youtube&quot;,&quot;aspect_ratio&quot;:&quot;169&quot;}\" data-widget_type=\"video.default\">\n\t\t\t\t<div class=\"elementor-widget-container\">\n\t\t\t\t\t<div class=\"elementor-wrapper elementor-fit-aspect-ratio elementor-open-inline\">\n\t\t\t<div class=\"elementor-video\"><\/div>\t\t<\/div>\n\t\t\t\t<\/div>\n\t\t\t\t<\/div>\n\t\t\t\t<div class=\"elementor-element elementor-element-9c93798 elementor-widget elementor-widget-heading\" data-id=\"9c93798\" data-element_type=\"widget\" data-widget_type=\"heading.default\">\n\t\t\t\t<div class=\"elementor-widget-container\">\n\t\t\t<h2 class=\"elementor-heading-title elementor-size-default\">pour manufacturiers et distributeurs<br>de produits de surface<\/h2>\t\t<\/div>\n\t\t\t\t<\/div>\n\t\t\t\t<div class=\"elementor-element elementor-element-235bcc1 elementor-widget elementor-widget-text-editor\" data-id=\"235bcc1\" data-element_type=\"widget\" data-widget_type=\"text-editor.default\">\n\t\t\t\t<div class=\"elementor-widget-container\">\n\t\t\t\t\t\t\t<p>De la cr\u00e9ation d&rsquo;actifs num\u00e9riques, d&rsquo;\u00e9chantillons ou de produits virtuels n\u00e9cessaires \u00e0 tous les besoins du marketing num\u00e9rique jusqu&rsquo;\u00e0 une plateforme web d&rsquo;\u00e9chantillons num\u00e9riques: VORTEK Surfaces est un ensemble de services et de plateformes n\u00e9cessaires \u00e0 la sp\u00e9cification par les architectes et les designers. TFL, HPL, tuiles, c\u00e9ramiques, couvre-planchers, comptoirs, pierres naturelles en sont quelques exemples.<\/p>\n\t\t\t\t\t\t<\/div>\n\t\t\t\t<\/div>\n\t\t\t\t<div class=\"elementor-element elementor-element-d91e20c elementor-align-justify elementor-widget elementor-widget-button\" data-id=\"d91e20c\" data-element_type=\"widget\" data-widget_type=\"button.default\">\n\t\t\t\t<div class=\"elementor-widget-container\">\n\t\t\t\t\t<div class=\"elementor-button-wrapper\">\n\t\t\t<a href=\"https:\/\/arcanetech.io\/fr\/contact\/\" target=\"_blank\" class=\"elementor-button-link elementor-button elementor-size-sm\" role=\"button\">\n\t\t\t\t\t\t<span class=\"elementor-button-content-wrapper\">\n\t\t\t\t\t\t<span class=\"elementor-button-text\">Contactez-nous<\/span>\n\t\t<\/span>\n\t\t\t\t\t<\/a>\n\t\t<\/div>\n\t\t\t\t<\/div>\n\t\t\t\t<\/div>\n\t\t\t\t\t<\/div>\n\t\t<\/div>\n\t\t\t\t<div class=\"elementor-column elementor-col-33 elementor-inner-column elementor-element elementor-element-24d81af\" data-id=\"24d81af\" data-element_type=\"column\">\n\t\t\t<div class=\"elementor-widget-wrap elementor-element-populated\">\n\t\t\t\t\t\t\t\t<div class=\"elementor-element elementor-element-d6f2ad5 elementor-widget elementor-widget-image\" data-id=\"d6f2ad5\" data-element_type=\"widget\" data-widget_type=\"image.default\">\n\t\t\t\t<div class=\"elementor-widget-container\">\n\t\t\t\t\t\t\t\t\t\t\t\t\t\t\t<img data-opt-src=\"https:\/\/mletevlqxqix.i.optimole.com\/w:auto\/h:auto\/q:mauto\/f:avif\/https:\/\/vortekexperience.com\/wp-content\/uploads\/2022\/01\/Teva_hor_short.png\"  decoding=\"async\" width=\"303\" height=\"97\" src=\"https:\/\/mletevlqxqix.i.optimole.com\/w:auto\/h:auto\/q:eco\/f:avif\/https:\/\/vortekexperience.com\/wp-content\/uploads\/2022\/01\/Teva_hor_short.png\" class=\"attachment-large size-large\" alt=\"\" \/><noscript><img decoding=\"async\" width=\"303\" height=\"97\" src=\"https:\/\/mletevlqxqix.i.optimole.com\/w:auto\/h:auto\/q:mauto\/f:avif\/https:\/\/vortekexperience.com\/wp-content\/uploads\/2022\/01\/Teva_hor_short.png\" class=\"attachment-large size-large\" alt=\"\" \/></noscript>\t\t\t\t\t\t\t\t\t\t\t\t\t\t\t<\/div>\n\t\t\t\t<\/div>\n\t\t\t\t<div class=\"elementor-element elementor-element-95a912c elementor-hidden-mobile elementor-widget elementor-widget-image\" data-id=\"95a912c\" data-element_type=\"widget\" data-widget_type=\"image.default\">\n\t\t\t\t<div class=\"elementor-widget-container\">\n\t\t\t\t\t\t\t\t\t\t\t\t\t\t\t<img decoding=\"async\" width=\"613\" height=\"83\" src=\"https:\/\/mletevlqxqix.i.optimole.com\/w:auto\/h:auto\/q:mauto\/f:avif\/https:\/\/vortekexperience.com\/wp-content\/uploads\/2021\/04\/shadow.png\" class=\"attachment-large size-large\" alt=\"\" \/>\t\t\t\t\t\t\t\t\t\t\t\t\t\t\t<\/div>\n\t\t\t\t<\/div>\n\t\t\t\t<div class=\"elementor-element elementor-element-9c3777b elementor-aspect-ratio-169 elementor-widget elementor-widget-video\" data-id=\"9c3777b\" data-element_type=\"widget\" data-settings=\"{&quot;youtube_url&quot;:&quot;https:\\\/\\\/youtu.be\\\/wqApaq6D2_4&quot;,&quot;autoplay&quot;:&quot;yes&quot;,&quot;loop&quot;:&quot;yes&quot;,&quot;mute&quot;:&quot;yes&quot;,&quot;lazy_load&quot;:&quot;yes&quot;,&quot;video_type&quot;:&quot;youtube&quot;,&quot;aspect_ratio&quot;:&quot;169&quot;}\" data-widget_type=\"video.default\">\n\t\t\t\t<div class=\"elementor-widget-container\">\n\t\t\t\t\t<div class=\"elementor-wrapper elementor-fit-aspect-ratio elementor-open-inline\">\n\t\t\t<div class=\"elementor-video\"><\/div>\t\t<\/div>\n\t\t\t\t<\/div>\n\t\t\t\t<\/div>\n\t\t\t\t<div class=\"elementor-element elementor-element-701ddcf elementor-widget elementor-widget-heading\" data-id=\"701ddcf\" data-element_type=\"widget\" data-widget_type=\"heading.default\">\n\t\t\t\t<div class=\"elementor-widget-container\">\n\t\t\t<h2 class=\"elementor-heading-title elementor-size-default\">pour les agenceurs,<br>les cuisinistes<br>et les menuisiers<\/h2>\t\t<\/div>\n\t\t\t\t<\/div>\n\t\t\t\t<div class=\"elementor-element elementor-element-70f1e33 elementor-widget elementor-widget-text-editor\" data-id=\"70f1e33\" data-element_type=\"widget\" data-widget_type=\"text-editor.default\">\n\t\t\t\t<div class=\"elementor-widget-container\">\n\t\t\t\t\t\t\t<p>TEVA est une plateforme web de visualisation et validation 3D pour les agenceurs, les cuisinistes et les menuisiers. Con\u00e7ue pour \u00eatre autant utilis\u00e9e par les employ\u00e9s de l\u2019atelier ou en production, les installateurs et plus encore. <\/p>\n\t\t\t\t\t\t<\/div>\n\t\t\t\t<\/div>\n\t\t\t\t<div class=\"elementor-element elementor-element-7a9968f elementor-align-justify elementor-widget elementor-widget-button\" data-id=\"7a9968f\" data-element_type=\"widget\" data-widget_type=\"button.default\">\n\t\t\t\t<div class=\"elementor-widget-container\">\n\t\t\t\t\t<div class=\"elementor-button-wrapper\">\n\t\t\t<a href=\"https:\/\/teva3d.com\/fr\/\" target=\"_blank\" class=\"elementor-button-link elementor-button elementor-size-sm\" role=\"button\">\n\t\t\t\t\t\t<span class=\"elementor-button-content-wrapper\">\n\t\t\t\t\t\t<span class=\"elementor-button-text\">Site web<\/span>\n\t\t<\/span>\n\t\t\t\t\t<\/a>\n\t\t<\/div>\n\t\t\t\t<\/div>\n\t\t\t\t<\/div>\n\t\t\t\t\t<\/div>\n\t\t<\/div>\n\t\t\t\t\t\t\t<\/div>\n\t\t<\/section>\n\t\t\t\t\t<\/div>\n\t\t<\/div>\n\t\t\t\t\t\t\t<\/div>\n\t\t<\/section>\n\t\t\t\t\t\t<\/div>\n\t\t\t\t\t<\/div>\n\t\t","protected":false},"excerpt":{"rendered":"<p>Nos plateformes pour cuisinites,designers d&rsquo;int\u00e9rieur,agenceurs,\u00e9b\u00e9nisteset architectes VORTEK Spaces est bien plus qu&rsquo;une solution de rendu 3D. C&rsquo;est un logiciel de pr\u00e9sentation 3D interactif pour les professionnels qui ont ni le temps ni l&rsquo;expertise 3D avanc\u00e9e. D&rsquo;une simplicit\u00e9 \u00e9tonnante, vous serez en mesure d&rsquo;obtenir des r\u00e9sultats qui auront de l&rsquo;impact en quelques minutes. Site web pour [&hellip;]<\/p>\n","protected":false},"author":1,"featured_media":0,"parent":0,"menu_order":0,"comment_status":"closed","ping_status":"closed","template":"","meta":[],"yoast_head":"<!-- This site is optimized with the Yoast SEO plugin v18.0 - https:\/\/yoast.com\/wordpress\/plugins\/seo\/ -->\n<title>VORTEK \/exp\u00e9rience par Arcane Technologies<\/title>\n<meta name=\"description\" content=\"VORTEK c&#039;est comment les technologies 3D interactives et de VR peuvent acc\u00e9l\u00e9rer l&#039;industrie du design int\u00e9rieur, de l&#039;architecture.\" \/>\n<meta name=\"robots\" content=\"index, follow, max-snippet:-1, max-image-preview:large, max-video-preview:-1\" \/>\n<link rel=\"canonical\" href=\"https:\/\/vortekexperience.com\/\" \/>\n<meta property=\"og:locale\" content=\"fr_FR\" \/>\n<meta property=\"og:type\" content=\"article\" \/>\n<meta property=\"og:title\" content=\"VORTEK \/exp\u00e9rience par Arcane Technologies\" \/>\n<meta property=\"og:description\" content=\"VORTEK c&#039;est comment les technologies 3D interactives et de VR peuvent acc\u00e9l\u00e9rer l&#039;industrie du design int\u00e9rieur, de l&#039;architecture.\" \/>\n<meta property=\"og:url\" content=\"https:\/\/vortekexperience.com\/\" \/>\n<meta property=\"og:site_name\" content=\"VORTEK \/exp\u00e9rience\" \/>\n<meta property=\"article:modified_time\" content=\"2022-01-26T14:54:47+00:00\" \/>\n<meta property=\"og:image\" content=\"https:\/\/mletevlqxqix.i.optimole.com\/w:auto\/h:auto\/q:mauto\/f:avif\/https:\/\/vortekexperience.com\/wp-content\/uploads\/2022\/01\/Vortek_Spaces_forDesigners_hor_short.png\" \/>\n<meta name=\"twitter:card\" content=\"summary_large_image\" \/>\n<meta name=\"twitter:label1\" content=\"Dur\u00e9e de lecture estim\u00e9e\" \/>\n\t<meta name=\"twitter:data1\" content=\"3 minutes\" \/>\n<script type=\"application\/ld+json\" class=\"yoast-schema-graph\">{\"@context\":\"https:\/\/schema.org\",\"@graph\":[{\"@type\":\"Organization\",\"@id\":\"https:\/\/vortekexperience.com\/#organization\",\"name\":\"VORTEK \/exp\u00e9rience by Arcane Technologies\",\"url\":\"https:\/\/vortekexperience.com\/\",\"sameAs\":[],\"logo\":{\"@type\":\"ImageObject\",\"@id\":\"https:\/\/vortekexperience.com\/#logo\",\"inLanguage\":\"fr-FR\",\"url\":\"https:\/\/mletevlqxqix.i.optimole.com\/w:auto\/h:auto\/q:mauto\/f:avif\/https:\/\/vortekexperience.com\/wp-content\/uploads\/2022\/01\/Vortek_Insight.png\",\"contentUrl\":\"https:\/\/mletevlqxqix.i.optimole.com\/w:auto\/h:auto\/q:mauto\/f:avif\/https:\/\/vortekexperience.com\/wp-content\/uploads\/2022\/01\/Vortek_Insight.png\",\"width\":2545,\"height\":722,\"caption\":\"VORTEK \/exp\u00e9rience by Arcane Technologies\"},\"image\":{\"@id\":\"https:\/\/vortekexperience.com\/#logo\"}},{\"@type\":\"WebSite\",\"@id\":\"https:\/\/vortekexperience.com\/#website\",\"url\":\"https:\/\/vortekexperience.com\/\",\"name\":\"VORTEK \/exp\u00e9rience\",\"description\":\"\",\"publisher\":{\"@id\":\"https:\/\/vortekexperience.com\/#organization\"},\"potentialAction\":[{\"@type\":\"SearchAction\",\"target\":{\"@type\":\"EntryPoint\",\"urlTemplate\":\"https:\/\/vortekexperience.com\/?s={search_term_string}\"},\"query-input\":\"required name=search_term_string\"}],\"inLanguage\":\"fr-FR\"},{\"@type\":\"ImageObject\",\"@id\":\"https:\/\/vortekexperience.com\/#primaryimage\",\"inLanguage\":\"fr-FR\",\"url\":\"https:\/\/mletevlqxqix.i.optimole.com\/w:auto\/h:auto\/q:mauto\/f:avif\/https:\/\/vortekexperience.com\/wp-content\/uploads\/2022\/01\/Vortek_Spaces_forDesigners_hor_short.png\",\"contentUrl\":\"https:\/\/mletevlqxqix.i.optimole.com\/w:auto\/h:auto\/q:mauto\/f:avif\/https:\/\/vortekexperience.com\/wp-content\/uploads\/2022\/01\/Vortek_Spaces_forDesigners_hor_short.png\",\"width\":270,\"height\":97},{\"@type\":\"WebPage\",\"@id\":\"https:\/\/vortekexperience.com\/#webpage\",\"url\":\"https:\/\/vortekexperience.com\/\",\"name\":\"VORTEK \/exp\u00e9rience par Arcane Technologies\",\"isPartOf\":{\"@id\":\"https:\/\/vortekexperience.com\/#website\"},\"primaryImageOfPage\":{\"@id\":\"https:\/\/vortekexperience.com\/#primaryimage\"},\"datePublished\":\"2022-01-13T20:16:21+00:00\",\"dateModified\":\"2022-01-26T14:54:47+00:00\",\"description\":\"VORTEK c'est comment les technologies 3D interactives et de VR peuvent acc\u00e9l\u00e9rer l'industrie du design int\u00e9rieur, de l'architecture.\",\"breadcrumb\":{\"@id\":\"https:\/\/vortekexperience.com\/#breadcrumb\"},\"inLanguage\":\"fr-FR\",\"potentialAction\":[{\"@type\":\"ReadAction\",\"target\":[\"https:\/\/vortekexperience.com\/\"]}]},{\"@type\":\"BreadcrumbList\",\"@id\":\"https:\/\/vortekexperience.com\/#breadcrumb\",\"itemListElement\":[{\"@type\":\"ListItem\",\"position\":1,\"name\":\"Home\",\"item\":\"https:\/\/vortekexperience.com\/\"},{\"@type\":\"ListItem\",\"position\":2,\"name\":\"VORTEK \/exp\u00e9rience par Arcane Technologies\"}]}]}<\/script>\n<!-- \/ Yoast SEO plugin. -->","yoast_head_json":{"title":"VORTEK \/exp\u00e9rience par Arcane Technologies","description":"VORTEK c'est comment les technologies 3D interactives et de VR peuvent acc\u00e9l\u00e9rer l'industrie du design int\u00e9rieur, de l'architecture.","robots":{"index":"index","follow":"follow","max-snippet":"max-snippet:-1","max-image-preview":"max-image-preview:large","max-video-preview":"max-video-preview:-1"},"canonical":"https:\/\/vortekexperience.com\/","og_locale":"fr_FR","og_type":"article","og_title":"VORTEK \/exp\u00e9rience par Arcane Technologies","og_description":"VORTEK c'est comment les technologies 3D interactives et de VR peuvent acc\u00e9l\u00e9rer l'industrie du design int\u00e9rieur, de l'architecture.","og_url":"https:\/\/vortekexperience.com\/","og_site_name":"VORTEK \/exp\u00e9rience","article_modified_time":"2022-01-26T14:54:47+00:00","og_image":[{"url":"https:\/\/mletevlqxqix.i.optimole.com\/w:auto\/h:auto\/q:mauto\/f:avif\/https:\/\/vortekexperience.com\/wp-content\/uploads\/2022\/01\/Vortek_Spaces_forDesigners_hor_short.png"}],"twitter_card":"summary_large_image","twitter_misc":{"Dur\u00e9e de lecture estim\u00e9e":"3 minutes"},"schema":{"@context":"https:\/\/schema.org","@graph":[{"@type":"Organization","@id":"https:\/\/vortekexperience.com\/#organization","name":"VORTEK \/exp\u00e9rience by Arcane Technologies","url":"https:\/\/vortekexperience.com\/","sameAs":[],"logo":{"@type":"ImageObject","@id":"https:\/\/vortekexperience.com\/#logo","inLanguage":"fr-FR","url":"https:\/\/mletevlqxqix.i.optimole.com\/w:auto\/h:auto\/q:mauto\/f:avif\/https:\/\/vortekexperience.com\/wp-content\/uploads\/2022\/01\/Vortek_Insight.png","contentUrl":"https:\/\/mletevlqxqix.i.optimole.com\/w:auto\/h:auto\/q:mauto\/f:avif\/https:\/\/vortekexperience.com\/wp-content\/uploads\/2022\/01\/Vortek_Insight.png","width":2545,"height":722,"caption":"VORTEK \/exp\u00e9rience by Arcane Technologies"},"image":{"@id":"https:\/\/vortekexperience.com\/#logo"}},{"@type":"WebSite","@id":"https:\/\/vortekexperience.com\/#website","url":"https:\/\/vortekexperience.com\/","name":"VORTEK \/exp\u00e9rience","description":"","publisher":{"@id":"https:\/\/vortekexperience.com\/#organization"},"potentialAction":[{"@type":"SearchAction","target":{"@type":"EntryPoint","urlTemplate":"https:\/\/vortekexperience.com\/?s={search_term_string}"},"query-input":"required name=search_term_string"}],"inLanguage":"fr-FR"},{"@type":"ImageObject","@id":"https:\/\/vortekexperience.com\/#primaryimage","inLanguage":"fr-FR","url":"https:\/\/mletevlqxqix.i.optimole.com\/w:auto\/h:auto\/q:mauto\/f:avif\/https:\/\/vortekexperience.com\/wp-content\/uploads\/2022\/01\/Vortek_Spaces_forDesigners_hor_short.png","contentUrl":"https:\/\/mletevlqxqix.i.optimole.com\/w:auto\/h:auto\/q:mauto\/f:avif\/https:\/\/vortekexperience.com\/wp-content\/uploads\/2022\/01\/Vortek_Spaces_forDesigners_hor_short.png","width":270,"height":97},{"@type":"WebPage","@id":"https:\/\/vortekexperience.com\/#webpage","url":"https:\/\/vortekexperience.com\/","name":"VORTEK \/exp\u00e9rience par Arcane Technologies","isPartOf":{"@id":"https:\/\/vortekexperience.com\/#website"},"primaryImageOfPage":{"@id":"https:\/\/vortekexperience.com\/#primaryimage"},"datePublished":"2022-01-13T20:16:21+00:00","dateModified":"2022-01-26T14:54:47+00:00","description":"VORTEK c'est comment les technologies 3D interactives et de VR peuvent acc\u00e9l\u00e9rer l'industrie du design int\u00e9rieur, de l'architecture.","breadcrumb":{"@id":"https:\/\/vortekexperience.com\/#breadcrumb"},"inLanguage":"fr-FR","potentialAction":[{"@type":"ReadAction","target":["https:\/\/vortekexperience.com\/"]}]},{"@type":"BreadcrumbList","@id":"https:\/\/vortekexperience.com\/#breadcrumb","itemListElement":[{"@type":"ListItem","position":1,"name":"Home","item":"https:\/\/vortekexperience.com\/"},{"@type":"ListItem","position":2,"name":"VORTEK \/exp\u00e9rience par Arcane Technologies"}]}]}},"_links":{"self":[{"href":"https:\/\/vortekexperience.com\/fr\/wp-json\/wp\/v2\/pages\/619"}],"collection":[{"href":"https:\/\/vortekexperience.com\/fr\/wp-json\/wp\/v2\/pages"}],"about":[{"href":"https:\/\/vortekexperience.com\/fr\/wp-json\/wp\/v2\/types\/page"}],"author":[{"embeddable":true,"href":"https:\/\/vortekexperience.com\/fr\/wp-json\/wp\/v2\/users\/1"}],"replies":[{"embeddable":true,"href":"https:\/\/vortekexperience.com\/fr\/wp-json\/wp\/v2\/comments?post=619"}],"version-history":[{"count":27,"href":"https:\/\/vortekexperience.com\/fr\/wp-json\/wp\/v2\/pages\/619\/revisions"}],"predecessor-version":[{"id":847,"href":"https:\/\/vortekexperience.com\/fr\/wp-json\/wp\/v2\/pages\/619\/revisions\/847"}],"wp:attachment":[{"href":"https:\/\/vortekexperience.com\/fr\/wp-json\/wp\/v2\/media?parent=619"}],"curies":[{"name":"wp","href":"https:\/\/api.w.org\/{rel}","templated":true}]}}